{"id":433,"date":"2022-08-19T20:55:52","date_gmt":"2022-08-19T20:55:52","guid":{"rendered":"https:\/\/contestcontabilidade.com.br\/?page_id=433"},"modified":"2024-10-26T07:12:12","modified_gmt":"2024-10-26T07:12:12","slug":"quem-somos","status":"publish","type":"page","link":"https:\/\/contestcontabilidade.com.br\/index.php\/quem-somos\/","title":{"rendered":"A empresa"},"content":{"rendered":"\t\t<div data-elementor-type=\"wp-page\" data-elementor-id=\"433\" class=\"elementor elementor-433\">\n\t\t\t\t\t\t<section class=\"elementor-section elementor-top-section elementor-element elementor-element-c10f676 elementor-section-boxed elementor-section-height-default elementor-section-height-default\" data-id=\"c10f676\" data-element_type=\"section\" data-e-type=\"section\">\n\t\t\t\t\t\t<div class=\"elementor-container elementor-column-gap-default\">\n\t\t\t\t\t<div class=\"elementor-column elementor-col-100 elementor-top-column elementor-element elementor-element-630e3b6\" data-id=\"630e3b6\" data-element_type=\"column\" data-e-type=\"column\">\n\t\t\t<div class=\"elementor-widget-wrap elementor-element-populated\">\n\t\t\t\t\t\t\t<\/div>\n\t\t<\/div>\n\t\t\t\t\t<\/div>\n\t\t<\/section>\n\t\t\t\t<section class=\"elementor-section elementor-top-section elementor-element elementor-element-be300a8 elementor-section-boxed elementor-section-height-default elementor-section-height-default\" data-id=\"be300a8\" data-element_type=\"section\" data-e-type=\"section\">\n\t\t\t\t\t\t<div class=\"elementor-container elementor-column-gap-default\">\n\t\t\t\t\t<div class=\"elementor-column elementor-col-100 elementor-top-column elementor-element elementor-element-d2b68ba\" data-id=\"d2b68ba\" data-element_type=\"column\" data-e-type=\"column\">\n\t\t\t<div class=\"elementor-widget-wrap elementor-element-populated\">\n\t\t\t\t\t\t<div class=\"elementor-element elementor-element-5c30b1a elementor-widget elementor-widget-text-editor\" data-id=\"5c30b1a\" data-element_type=\"widget\" data-e-type=\"widget\" data-widget_type=\"text-editor.default\">\n\t\t\t\t<div class=\"elementor-widget-container\">\n\t\t\t\t\t\t\t\t\t<p class=\"MsoNormal\" style=\"text-align:justify\">A Contest Contabilidade foi\nfundada em 27 de novembro de 2007, prestando servi\u00e7os com muita dedica\u00e7\u00e3o,\nqualidade e confian\u00e7a para atender clientes de diversos ramos de atividade de\nBalne\u00e1rio Cambori\u00fa e regi\u00e3o.<o:p><\/o:p><\/p><p>\n\n<\/p><p class=\"MsoNormal\" style=\"text-align:justify\">Oferecemos aos nossos clientes\nsolu\u00e7\u00f5es cont\u00e1beis modernas, por\u00e9m simples e eficientes. Contamos com uma\nequipe com um vasto conhecimento t\u00e9cnico nas \u00e1reas cont\u00e1bil, tribut\u00e1ria,\ntrabalhista e societ\u00e1ria para atend\u00ea-lo de forma personalizada.<o:p><\/o:p><\/p>\t\t\t\t\t\t\t\t<\/div>\n\t\t\t\t<\/div>\n\t\t\t\t\t<\/div>\n\t\t<\/div>\n\t\t\t\t\t<\/div>\n\t\t<\/section>\n\t\t\t\t<section class=\"elementor-section elementor-top-section elementor-element elementor-element-79e3bba1 elementor-section-boxed elementor-section-height-default elementor-section-height-default\" data-id=\"79e3bba1\" data-element_type=\"section\" data-e-type=\"section\" data-settings=\"{&quot;background_background&quot;:&quot;classic&quot;}\">\n\t\t\t\t\t\t\t<div class=\"elementor-background-overlay\"><\/div>\n\t\t\t\t\t\t\t<div class=\"elementor-container elementor-column-gap-default\">\n\t\t\t\t\t<div class=\"elementor-column elementor-col-100 elementor-top-column elementor-element elementor-element-17015d15\" data-id=\"17015d15\" data-element_type=\"column\" data-e-type=\"column\">\n\t\t\t<div class=\"elementor-widget-wrap elementor-element-populated\">\n\t\t\t\t\t\t<section class=\"elementor-section elementor-inner-section elementor-element elementor-element-defdbd8 elementor-section-boxed elementor-section-height-default elementor-section-height-default\" data-id=\"defdbd8\" data-element_type=\"section\" data-e-type=\"section\">\n\t\t\t\t\t\t<div class=\"elementor-container elementor-column-gap-default\">\n\t\t\t\t\t<div class=\"elementor-column elementor-col-50 elementor-inner-column elementor-element elementor-element-d318e4f\" data-id=\"d318e4f\" data-element_type=\"column\" data-e-type=\"column\">\n\t\t\t<div class=\"elementor-widget-wrap elementor-element-populated\">\n\t\t\t\t\t\t<div class=\"elementor-element elementor-element-42031cf elementor-absolute elementor-widget elementor-widget-image\" data-id=\"42031cf\" data-element_type=\"widget\" data-e-type=\"widget\" data-settings=\"{&quot;_position&quot;:&quot;absolute&quot;}\" data-widget_type=\"image.default\">\n\t\t\t\t<div class=\"elementor-widget-container\">\n\t\t\t\t\t\t\t\t\t\t\t\t\t\t\t<img fetchpriority=\"high\" decoding=\"async\" width=\"999\" height=\"535\" src=\"https:\/\/contestcontabilidade.com.br\/wp-content\/uploads\/2022\/08\/Fachada-editada.jpg\" class=\"attachment-large size-large wp-image-992\" alt=\"\" srcset=\"https:\/\/contestcontabilidade.com.br\/wp-content\/uploads\/2022\/08\/Fachada-editada.jpg 999w, https:\/\/contestcontabilidade.com.br\/wp-content\/uploads\/2022\/08\/Fachada-editada-300x161.jpg 300w, https:\/\/contestcontabilidade.com.br\/wp-content\/uploads\/2022\/08\/Fachada-editada-768x411.jpg 768w\" sizes=\"(max-width: 999px) 100vw, 999px\" \/>\t\t\t\t\t\t\t\t\t\t\t\t\t\t\t<\/div>\n\t\t\t\t<\/div>\n\t\t\t\t\t<\/div>\n\t\t<\/div>\n\t\t\t\t<div class=\"elementor-column elementor-col-50 elementor-inner-column elementor-element elementor-element-483f299\" data-id=\"483f299\" data-element_type=\"column\" data-e-type=\"column\">\n\t\t\t<div class=\"elementor-widget-wrap elementor-element-populated\">\n\t\t\t\t\t\t<div class=\"elementor-element elementor-element-6a7bf13 elementor-widget elementor-widget-google_maps\" data-id=\"6a7bf13\" data-element_type=\"widget\" data-e-type=\"widget\" data-widget_type=\"google_maps.default\">\n\t\t\t\t<div class=\"elementor-widget-container\">\n\t\t\t\t\t\t\t<div class=\"elementor-custom-embed\">\n\t\t\t<iframe loading=\"lazy\"\n\t\t\t\t\tsrc=\"https:\/\/maps.google.com\/maps?q=contest%20contabilidade&#038;t=m&#038;z=16&#038;output=embed&#038;iwloc=near\"\n\t\t\t\t\ttitle=\"contest contabilidade\"\n\t\t\t\t\taria-label=\"contest contabilidade\"\n\t\t\t><\/iframe>\n\t\t<\/div>\n\t\t\t\t\t\t<\/div>\n\t\t\t\t<\/div>\n\t\t\t\t\t<\/div>\n\t\t<\/div>\n\t\t\t\t\t<\/div>\n\t\t<\/section>\n\t\t\t\t\t<\/div>\n\t\t<\/div>\n\t\t\t\t\t<\/div>\n\t\t<\/section>\n\t\t\t\t<section class=\"elementor-section elementor-top-section elementor-element elementor-element-7b9fcac elementor-section-boxed elementor-section-height-default elementor-section-height-default\" data-id=\"7b9fcac\" data-element_type=\"section\" data-e-type=\"section\">\n\t\t\t\t\t\t<div class=\"elementor-container elementor-column-gap-default\">\n\t\t\t\t\t<div class=\"elementor-column elementor-col-100 elementor-top-column elementor-element elementor-element-e0e9eb3\" data-id=\"e0e9eb3\" data-element_type=\"column\" data-e-type=\"column\">\n\t\t\t<div class=\"elementor-widget-wrap\">\n\t\t\t\t\t\t\t<\/div>\n\t\t<\/div>\n\t\t\t\t\t<\/div>\n\t\t<\/section>\n\t\t\t\t<\/div>\n\t\t","protected":false},"excerpt":{"rendered":"<p>A Contest Contabilidade foi fundada em 27 de novembro de 2007, prestando servi\u00e7os com muita dedica\u00e7\u00e3o, qualidade e confian\u00e7a para atender clientes de diversos ramos de atividade de Balne\u00e1rio Cambori\u00fa e regi\u00e3o. Oferecemos aos nossos clientes solu\u00e7\u00f5es cont\u00e1beis modernas, por\u00e9m simples e eficientes. Contamos com uma equipe com um vasto conhecimento t\u00e9cnico nas \u00e1reas cont\u00e1bil, [&hellip;]<\/p>\n","protected":false},"author":1,"featured_media":0,"parent":0,"menu_order":0,"comment_status":"closed","ping_status":"closed","template":"","meta":{"footnotes":""},"class_list":["post-433","page","type-page","status-publish","hentry","entry"],"_links":{"self":[{"href":"https:\/\/contestcontabilidade.com.br\/index.php\/wp-json\/wp\/v2\/pages\/433"}],"collection":[{"href":"https:\/\/contestcontabilidade.com.br\/index.php\/wp-json\/wp\/v2\/pages"}],"about":[{"href":"https:\/\/contestcontabilidade.com.br\/index.php\/wp-json\/wp\/v2\/types\/page"}],"author":[{"embeddable":true,"href":"https:\/\/contestcontabilidade.com.br\/index.php\/wp-json\/wp\/v2\/users\/1"}],"replies":[{"embeddable":true,"href":"https:\/\/contestcontabilidade.com.br\/index.php\/wp-json\/wp\/v2\/comments?post=433"}],"version-history":[{"count":37,"href":"https:\/\/contestcontabilidade.com.br\/index.php\/wp-json\/wp\/v2\/pages\/433\/revisions"}],"predecessor-version":[{"id":1275,"href":"https:\/\/contestcontabilidade.com.br\/index.php\/wp-json\/wp\/v2\/pages\/433\/revisions\/1275"}],"wp:attachment":[{"href":"https:\/\/contestcontabilidade.com.br\/index.php\/wp-json\/wp\/v2\/media?parent=433"}],"curies":[{"name":"wp","href":"https:\/\/api.w.org\/{rel}","templated":true}]}}